{"id":1470,"date":"2025-01-29T15:31:17","date_gmt":"2025-01-29T15:31:17","guid":{"rendered":"https:\/\/prestigeportfolio.cz\/?page_id=1470"},"modified":"2025-01-29T15:39:00","modified_gmt":"2025-01-29T15:39:00","slug":"czech-cognac-club-2","status":"publish","type":"page","link":"https:\/\/prestigeportfolio.cz\/index.php\/czech-cognac-club-2\/","title":{"rendered":"Zvu v\u00e1s do Czech Cognac Clubu!"},"content":{"rendered":"\t\t<div data-elementor-type=\"wp-page\" data-elementor-id=\"1470\" class=\"elementor elementor-1470\">\n\t\t\t\t\t\t<section class=\"elementor-section elementor-top-section elementor-element elementor-element-fe0b42a elementor-section-boxed elementor-section-height-default elementor-section-height-default\" data-id=\"fe0b42a\" data-element_type=\"section\" data-e-type=\"section\">\n\t\t\t\t\t\t<div class=\"elementor-container elementor-column-gap-default\">\n\t\t\t\t\t<div class=\"elementor-column elementor-col-100 elementor-top-column elementor-element elementor-element-6642b1a\" data-id=\"6642b1a\" data-element_type=\"column\" data-e-type=\"column\">\n\t\t\t<div class=\"elementor-widget-wrap elementor-element-populated\">\n\t\t\t\t\t\t<div class=\"elementor-element elementor-element-b5eab76 elementor-widget elementor-widget-image\" data-id=\"b5eab76\" data-element_type=\"widget\" data-e-type=\"widget\" data-widget_type=\"image.default\">\n\t\t\t\t<div class=\"elementor-widget-container\">\n\t\t\t\t\t\t\t\t\t\t\t\t\t\t\t<img fetchpriority=\"high\" decoding=\"async\" width=\"799\" height=\"839\" src=\"https:\/\/prestigeportfolio.cz\/wp-content\/uploads\/2023\/05\/foto.jpg\" class=\"attachment-large size-large wp-image-1160\" alt=\"Robert Van\u011b\u010dek u karaf\" srcset=\"https:\/\/prestigeportfolio.cz\/wp-content\/uploads\/2023\/05\/foto.jpg 799w, https:\/\/prestigeportfolio.cz\/wp-content\/uploads\/2023\/05\/foto-286x300.jpg 286w, https:\/\/prestigeportfolio.cz\/wp-content\/uploads\/2023\/05\/foto-768x806.jpg 768w, https:\/\/prestigeportfolio.cz\/wp-content\/uploads\/2023\/05\/foto-230x242.jpg 230w, https:\/\/prestigeportfolio.cz\/wp-content\/uploads\/2023\/05\/foto-350x368.jpg 350w, https:\/\/prestigeportfolio.cz\/wp-content\/uploads\/2023\/05\/foto-480x504.jpg 480w\" sizes=\"(max-width: 799px) 100vw, 799px\" \/>\t\t\t\t\t\t\t\t\t\t\t\t\t\t\t<\/div>\n\t\t\t\t<\/div>\n\t\t\t\t<div class=\"elementor-element elementor-element-cd0852a elementor-widget elementor-widget-text-editor\" data-id=\"cd0852a\" data-element_type=\"widget\" data-e-type=\"widget\" data-widget_type=\"text-editor.default\">\n\t\t\t\t<div class=\"elementor-widget-container\">\n\t\t\t\t\t\t\t\t\t<p>Moje l\u00e1ska ke cognacu (a jin\u00fdm vinn\u00fdm destil\u00e1t\u016fm) trv\u00e1 ji\u017e t\u0159et\u00ed dek\u00e1du. Tato n\u00e1klonnost byla prvotn\u00edm impulsem pro vznik tohoto klubu. Ve sv\u00e9 profesi sleduji se z\u00e1jmem vznik nejr\u016fzn\u011bj\u0161\u00edch skupin a klub\u016f, kter\u00e9 sdru\u017euj\u00ed milovn\u00edky rum\u016f, whisky a dal\u0161\u00edch alkohol\u016f. C\u00edt\u00edm, \u017ee ko\u0148akov\u00fd klub v \u010cesk\u00e9 republice chyb\u00ed.<\/p><p>Cognac \u010di ko\u0148ak je jedn\u00edm z nejstar\u0161\u00edch, nejmilovan\u011bj\u0161\u00edch a nejobdivovan\u011bj\u0161\u00edch sta\u0159en\u00fdch destil\u00e1t\u016f sv\u011bta. Jen si p\u0159edstavte ty kr\u00e1sn\u00e9 karafy! Nez\u016fst\u00e1vejme v\u0161ak jen v terroiru Cognac. Brandy \u010di jin\u00e9 v\u00ednovice se dnes vyr\u00e1b\u011bj\u00ed po cel\u00e9m sv\u011bt\u011b a byla by \u0161koda, p\u0159ed nimi zav\u00edrat o\u010di a \u00fasta.<\/p><p>N\u00e1\u0161 Czech Cognac Club bude slou\u017eit zejm\u00e9na k p\u0159ed\u00e1v\u00e1n\u00ed informac\u00ed ze sv\u011bta nejen ko\u0148ak\u016f, vzd\u011bl\u00e1v\u00e1n\u00ed se a samoz\u0159ejm\u011b tak\u00e9 k osobn\u00edmu setk\u00e1v\u00e1n\u00ed se a ochutn\u00e1v\u00e1n\u00ed.<\/p><p>Kde se Czech Cognac Club nach\u00e1z\u00ed? CCC nem\u00e1 sv\u00e9 pevn\u00e9 m\u00edsto.Nejedn\u00e1 se o \u017e\u00e1dn\u00fd bar ani restauraci. Czech Cognac Club je voln\u00e9 sdru\u017een\u00ed milovn\u00edk\u016f nejobdivovan\u011bj\u0161\u00edch sta\u0159en\u00fdch destil\u00e1t\u016f sv\u011bta. Sch\u00e1z\u00edme se poka\u017ed\u00e9 na jin\u00e9m m\u00edst\u011b. V\u017edy ke ko\u0148aku, kter\u00fd pro dan\u00e9 setk\u00e1n\u00ed zvol\u00edme k degustaci, vyberu adekv\u00e1tn\u00ed prostor. Nejsme tedy v\u00e1z\u00e1ni na jedno m\u00edsto ani na jednu zna\u010dku. \u010clenov\u00e9 CCC se o m\u00edst\u011b setk\u00e1n\u00ed v\u017edy s p\u0159edstihem dozv\u00ed. Chcete, aby p\u0159\u00ed\u0161t\u00ed pozv\u00e1nka p\u0159i\u0161la i v\u00e1m? Napi\u0161te mi.<\/p><p>\u00c0 votre sant\u00e9<\/p><p>Robert Van\u011b\u010dek<\/p><p>\u00a0<\/p>\t\t\t\t\t\t\t\t<\/div>\n\t\t\t\t<\/div>\n\t\t\t\t\t<\/div>\n\t\t<\/div>\n\t\t\t\t\t<\/div>\n\t\t<\/section>\n\t\t\t\t<section class=\"elementor-section elementor-top-section elementor-element elementor-element-e7bcafe elementor-section-boxed elementor-section-height-default elementor-section-height-default\" data-id=\"e7bcafe\" data-element_type=\"section\" data-e-type=\"section\">\n\t\t\t\t\t\t<div class=\"elementor-container elementor-column-gap-default\">\n\t\t\t\t\t<div class=\"elementor-column elementor-col-100 elementor-top-column elementor-element elementor-element-2141997\" data-id=\"2141997\" data-element_type=\"column\" data-e-type=\"column\">\n\t\t\t<div class=\"elementor-widget-wrap elementor-element-populated\">\n\t\t\t\t\t\t<div class=\"elementor-element elementor-element-9c386ab elementor-button-info elementor-align-center elementor-widget elementor-widget-button\" data-id=\"9c386ab\" data-element_type=\"widget\" data-e-type=\"widget\" data-widget_type=\"button.default\">\n\t\t\t\t<div class=\"elementor-widget-container\">\n\t\t\t\t\t\t\t\t\t<div class=\"elementor-button-wrapper\">\n\t\t\t\t\t<a class=\"elementor-button elementor-button-link elementor-size-md\" href=\"https:\/\/www.facebook.com\/CzechCognacclub?__cft__%5B0%5D=AZXZYs3j6I3X1vIDgcDntVxDzkLdvwCh650y30vuRh7LwTfjToeJfQBvT29Lri2zJR77ynoE-EEICHU7hqDTqCusbRVIz7aeWMZ003dxeHhb-hGETHWwfZ0ozdGEvDBObVuMobHQNPCMwkd9mFj74WMyOQtgMKKp1YWLCj4dIwJ37JxkAr-vHoTR20a-SMWEsPI&#038;__tn__=-%5DK-R\">\n\t\t\t\t\t\t<span class=\"elementor-button-content-wrapper\">\n\t\t\t\t\t\t\t\t\t<span class=\"elementor-button-text\">Czech Cognac Club<\/span>\n\t\t\t\t\t<\/span>\n\t\t\t\t\t<\/a>\n\t\t\t\t<\/div>\n\t\t\t\t\t\t\t\t<\/div>\n\t\t\t\t<\/div>\n\t\t\t\t\t<\/div>\n\t\t<\/div>\n\t\t\t\t\t<\/div>\n\t\t<\/section>\n\t\t\t\t<section class=\"elementor-section elementor-top-section elementor-element elementor-element-0fa7010 elementor-section-boxed elementor-section-height-default elementor-section-height-default\" data-id=\"0fa7010\" data-element_type=\"section\" data-e-type=\"section\">\n\t\t\t\t\t\t<div class=\"elementor-container elementor-column-gap-default\">\n\t\t\t\t\t<div class=\"elementor-column elementor-col-100 elementor-top-column elementor-element elementor-element-494b2ca\" data-id=\"494b2ca\" data-element_type=\"column\" data-e-type=\"column\">\n\t\t\t<div class=\"elementor-widget-wrap elementor-element-populated\">\n\t\t\t\t\t\t<div class=\"elementor-element elementor-element-d1afd72 elementor-button-danger elementor-align-center elementor-widget elementor-widget-button\" data-id=\"d1afd72\" data-element_type=\"widget\" data-e-type=\"widget\" data-widget_type=\"button.default\">\n\t\t\t\t<div class=\"elementor-widget-container\">\n\t\t\t\t\t\t\t\t\t<div class=\"elementor-button-wrapper\">\n\t\t\t\t\t<a class=\"elementor-button elementor-button-link elementor-size-sm\" href=\"https:\/\/prestigeportfolio.cz\/index.php\/czech-cognac-club\/\">\n\t\t\t\t\t\t<span class=\"elementor-button-content-wrapper\">\n\t\t\t\t\t\t\t\t\t<span class=\"elementor-button-text\">Prob\u011bhl\u00e9 akce<\/span>\n\t\t\t\t\t<\/span>\n\t\t\t\t\t<\/a>\n\t\t\t\t<\/div>\n\t\t\t\t\t\t\t\t<\/div>\n\t\t\t\t<\/div>\n\t\t\t\t\t<\/div>\n\t\t<\/div>\n\t\t\t\t\t<\/div>\n\t\t<\/section>\n\t\t\t\t<section class=\"elementor-section elementor-top-section elementor-element elementor-element-60b6ff6 elementor-section-boxed elementor-section-height-default elementor-section-height-default\" data-id=\"60b6ff6\" data-element_type=\"section\" data-e-type=\"section\">\n\t\t\t\t\t\t<div class=\"elementor-container elementor-column-gap-default\">\n\t\t\t\t\t<div class=\"elementor-column elementor-col-100 elementor-top-column elementor-element elementor-element-61a37f3\" data-id=\"61a37f3\" data-element_type=\"column\" data-e-type=\"column\">\n\t\t\t<div class=\"elementor-widget-wrap\">\n\t\t\t\t\t\t\t<\/div>\n\t\t<\/div>\n\t\t\t\t\t<\/div>\n\t\t<\/section>\n\t\t\t\t<\/div>\n\t\t","protected":false},"excerpt":{"rendered":"<p>Moje l\u00e1ska ke cognacu (a jin\u00fdm vinn\u00fdm destil\u00e1t\u016fm) trv\u00e1 ji\u017e t\u0159et\u00ed dek\u00e1du. Tato n\u00e1klonnost byla prvotn\u00edm impulsem pro vznik tohoto klubu. Ve [&hellip;]<\/p>\n","protected":false},"author":1,"featured_media":1160,"parent":0,"menu_order":0,"comment_status":"closed","ping_status":"closed","template":"","meta":{"footnotes":""},"class_list":["post-1470","page","type-page","status-publish","has-post-thumbnail","hentry"],"_links":{"self":[{"href":"https:\/\/prestigeportfolio.cz\/index.php\/wp-json\/wp\/v2\/pages\/1470","targetHints":{"allow":["GET"]}}],"collection":[{"href":"https:\/\/prestigeportfolio.cz\/index.php\/wp-json\/wp\/v2\/pages"}],"about":[{"href":"https:\/\/prestigeportfolio.cz\/index.php\/wp-json\/wp\/v2\/types\/page"}],"author":[{"embeddable":true,"href":"https:\/\/prestigeportfolio.cz\/index.php\/wp-json\/wp\/v2\/users\/1"}],"replies":[{"embeddable":true,"href":"https:\/\/prestigeportfolio.cz\/index.php\/wp-json\/wp\/v2\/comments?post=1470"}],"version-history":[{"count":7,"href":"https:\/\/prestigeportfolio.cz\/index.php\/wp-json\/wp\/v2\/pages\/1470\/revisions"}],"predecessor-version":[{"id":1481,"href":"https:\/\/prestigeportfolio.cz\/index.php\/wp-json\/wp\/v2\/pages\/1470\/revisions\/1481"}],"wp:featuredmedia":[{"embeddable":true,"href":"https:\/\/prestigeportfolio.cz\/index.php\/wp-json\/wp\/v2\/media\/1160"}],"wp:attachment":[{"href":"https:\/\/prestigeportfolio.cz\/index.php\/wp-json\/wp\/v2\/media?parent=1470"}],"curies":[{"name":"wp","href":"https:\/\/api.w.org\/{rel}","templated":true}]}}