{"id":20,"date":"2016-08-21T11:57:25","date_gmt":"2016-08-21T11:57:25","guid":{"rendered":"http:\/\/prestigeportfolio.cz\/wordpress\/?page_id=20"},"modified":"2025-01-17T10:51:22","modified_gmt":"2025-01-17T10:51:22","slug":"informace","status":"publish","type":"page","link":"https:\/\/prestigeportfolio.cz\/","title":{"rendered":""},"content":{"rendered":"\t\t<div data-elementor-type=\"wp-page\" data-elementor-id=\"20\" class=\"elementor elementor-20\">\n\t\t\t\t\t\t<section class=\"elementor-section elementor-top-section elementor-element elementor-element-62e79693 elementor-section-boxed elementor-section-height-default elementor-section-height-default\" data-id=\"62e79693\" data-element_type=\"section\" data-e-type=\"section\">\n\t\t\t\t\t\t<div class=\"elementor-container elementor-column-gap-default\">\n\t\t\t\t\t<div class=\"elementor-column elementor-col-100 elementor-top-column elementor-element elementor-element-6941179c\" data-id=\"6941179c\" data-element_type=\"column\" data-e-type=\"column\">\n\t\t\t<div class=\"elementor-widget-wrap elementor-element-populated\">\n\t\t\t\t\t\t<div class=\"elementor-element elementor-element-55a51afc elementor-widget elementor-widget-text-editor\" data-id=\"55a51afc\" data-element_type=\"widget\" data-e-type=\"widget\" data-widget_type=\"text-editor.default\">\n\t\t\t\t<div class=\"elementor-widget-container\">\n\t\t\t\t\t\t\t\t\t<div>\u00a0<\/div>\n<p><!-- \/wp:ps2id-block\/target --><\/p>\n<p><!-- wp:spacer {\"height\":165} --><\/p>\n<div aria-hidden=\"true\">\n<h3>V\u00edtejte na str\u00e1nce\u00a0Prestige Portfolio.<\/h3>\n<p>M\u00e1te r\u00e1di kvalitn\u00ed destil\u00e1ty? Chcete v\u011bd\u011bt jako prvn\u00ed, co p\u0159ipravuj\u00ed nejlep\u0161\u00ed zna\u010dky? Jste sb\u011bratelem nebo investorem do alkoholu?<\/p>\n<p>Pak jste tu spr\u00e1vn\u011b!<\/p>\n<\/div>\n<p><strong>Unik\u00e1tnost Prestige Portfolio nespo\u010d\u00edv\u00e1 pouze v prodeji investi\u010dn\u00edho alkoholu.<\/strong> <strong>Toho, co ke sv\u00e9 investici z\u00edsk\u00e1te, je mnohem v\u00edce.\u00a0\u00a0<\/strong><\/p>\n<p>Sv\u00fdm klient\u016fm nab\u00edz\u00edm kompletn\u00ed servis, kter\u00fd zahrnuje:\u00a0<\/p>\n<ul>\n<li>osobn\u00ed p\u0159ed\u00e1n\u00ed a odprezentov\u00e1n\u00ed zakoupen\u00e9 karafy;\u00a0<\/li>\n<li>transparentnost, d\u00edky kter\u00e9 v\u00edte, \u017ee va\u0161e karafy poch\u00e1z\u00ed p\u0159\u00edmo od v\u00fdrobce;\u00a0<\/li>\n<li>spole\u010dn\u00e9 rozhovory a nastaven\u00ed strategie cel\u00e9 sb\u00edrce;\u00a0<\/li>\n<li>pomoc v p\u0159\u00edpad\u011b, \u017ee se rozhodnete sb\u00edrku prodat nebo ji d\u00e1le rozv\u00edjet;\u00a0<\/li>\n<\/ul>\n<p>mo\u017enost zaji\u0161t\u011bn\u00ed soukrom\u00e9 degustace spole\u010dn\u011b s osobn\u00edm v\u00fdkladem v\u0161eho, co o dan\u00e9 karaf\u011b v\u00edm.\u00a0<\/p>\n<p>Investov\u00e1n\u00ed pro v\u00e1s nemus\u00ed b\u00fdt pouze zhodnocen\u00edm financ\u00ed, ale i nezapomenuteln\u00fdm z\u00e1\u017eitkem. Poznejte sv\u011bt jedine\u010dn\u00fdch destil\u00e1t\u016f s <strong>Prestige Portfolio.\u00a0<\/strong><\/p>\t\t\t\t\t\t\t\t<\/div>\n\t\t\t\t<\/div>\n\t\t\t\t\t<\/div>\n\t\t<\/div>\n\t\t\t\t\t<\/div>\n\t\t<\/section>\n\t\t\t\t<\/div>\n\t\t","protected":false},"excerpt":{"rendered":"<p>\u00a0 V\u00edtejte na str\u00e1nce\u00a0Prestige Portfolio. M\u00e1te r\u00e1di kvalitn\u00ed destil\u00e1ty? Chcete v\u011bd\u011bt jako prvn\u00ed, co p\u0159ipravuj\u00ed nejlep\u0161\u00ed zna\u010dky? Jste sb\u011bratelem nebo investorem do [&hellip;]<\/p>\n","protected":false},"author":1,"featured_media":0,"parent":0,"menu_order":0,"comment_status":"closed","ping_status":"closed","template":"","meta":{"footnotes":""},"class_list":["post-20","page","type-page","status-publish","hentry"],"_links":{"self":[{"href":"https:\/\/prestigeportfolio.cz\/index.php\/wp-json\/wp\/v2\/pages\/20","targetHints":{"allow":["GET"]}}],"collection":[{"href":"https:\/\/prestigeportfolio.cz\/index.php\/wp-json\/wp\/v2\/pages"}],"about":[{"href":"https:\/\/prestigeportfolio.cz\/index.php\/wp-json\/wp\/v2\/types\/page"}],"author":[{"embeddable":true,"href":"https:\/\/prestigeportfolio.cz\/index.php\/wp-json\/wp\/v2\/users\/1"}],"replies":[{"embeddable":true,"href":"https:\/\/prestigeportfolio.cz\/index.php\/wp-json\/wp\/v2\/comments?post=20"}],"version-history":[{"count":91,"href":"https:\/\/prestigeportfolio.cz\/index.php\/wp-json\/wp\/v2\/pages\/20\/revisions"}],"predecessor-version":[{"id":1574,"href":"https:\/\/prestigeportfolio.cz\/index.php\/wp-json\/wp\/v2\/pages\/20\/revisions\/1574"}],"wp:attachment":[{"href":"https:\/\/prestigeportfolio.cz\/index.php\/wp-json\/wp\/v2\/media?parent=20"}],"curies":[{"name":"wp","href":"https:\/\/api.w.org\/{rel}","templated":true}]}}